{"id":35946,"date":"2024-05-27T13:04:42","date_gmt":"2024-05-27T13:04:42","guid":{"rendered":"https:\/\/constructorapjp.com\/?page_id=35946"},"modified":"2024-06-13T16:05:23","modified_gmt":"2024-06-13T16:05:23","slug":"what-we-build","status":"publish","type":"page","link":"https:\/\/constructorapjp.com\/es\/what-we-build\/","title":{"rendered":"LO QUE CONSTRUIMOS"},"content":{"rendered":"<div data-elementor-type=\"wp-page\" data-elementor-id=\"35946\" class=\"elementor elementor-35946\" data-elementor-post-type=\"page\">\n\t\t\t\t\t\t<section class=\"elementor-section elementor-top-section elementor-element elementor-element-a2a9a63 elementor-section-full_width elementor-section-height-default elementor-section-height-default sc_fly_static\" data-id=\"a2a9a63\" data-element_type=\"section\" data-e-type=\"section\">\n\t\t\t\t\t\t<div class=\"elementor-container elementor-column-gap-extended\">\n\t\t\t\t\t<div class=\"elementor-column elementor-col-100 elementor-top-column elementor-element elementor-element-af17221 sc_content_align_inherit sc_layouts_column_icons_position_left sc_fly_static\" data-id=\"af17221\" data-element_type=\"column\" data-e-type=\"column\">\n\t\t\t<div class=\"elementor-widget-wrap elementor-element-populated\">\n\t\t\t\t\t\t<div class=\"elementor-element elementor-element-e53e8f6 sc_height_huge sc_fly_static elementor-widget elementor-widget-spacer\" data-id=\"e53e8f6\" data-element_type=\"widget\" data-e-type=\"widget\" data-widget_type=\"spacer.default\">\n\t\t\t\t<div class=\"elementor-widget-container\">\n\t\t\t\t\t\t\t<div class=\"elementor-spacer\">\n\t\t\t<div class=\"elementor-spacer-inner\"><\/div>\n\t\t<\/div>\n\t\t\t\t\t\t<\/div>\n\t\t\t\t<\/div>\n\t\t\t\t\t<\/div>\n\t\t<\/div>\n\t\t\t\t\t<\/div>\n\t\t<\/section>\n\t\t\t\t<section class=\"elementor-section elementor-top-section elementor-element elementor-element-42e70e8 elementor-section-boxed elementor-section-height-default elementor-section-height-default sc_fly_static\" data-id=\"42e70e8\" data-element_type=\"section\" data-e-type=\"section\">\n\t\t\t\t\t\t<div class=\"elementor-container elementor-column-gap-extended\">\n\t\t\t\t\t<div class=\"elementor-column elementor-col-100 elementor-top-column elementor-element elementor-element-0415cfe sc_content_align_inherit sc_layouts_column_icons_position_left sc_fly_static\" data-id=\"0415cfe\" data-element_type=\"column\" data-e-type=\"column\">\n\t\t\t<div class=\"elementor-widget-wrap elementor-element-populated\">\n\t\t\t\t\t\t<div class=\"elementor-element elementor-element-0c7ff32 sc_height_medium sc_fly_static elementor-widget elementor-widget-spacer\" data-id=\"0c7ff32\" data-element_type=\"widget\" data-e-type=\"widget\" data-widget_type=\"spacer.default\">\n\t\t\t\t<div class=\"elementor-widget-container\">\n\t\t\t\t\t\t\t<div class=\"elementor-spacer\">\n\t\t\t<div class=\"elementor-spacer-inner\"><\/div>\n\t\t<\/div>\n\t\t\t\t\t\t<\/div>\n\t\t\t\t<\/div>\n\t\t\t\t\t<\/div>\n\t\t<\/div>\n\t\t\t\t\t<\/div>\n\t\t<\/section>\n\t\t\t\t<section class=\"elementor-section elementor-top-section elementor-element elementor-element-8633e62 elementor-section-boxed elementor-section-height-default elementor-section-height-default sc_fly_static\" data-id=\"8633e62\" data-element_type=\"section\" data-e-type=\"section\">\n\t\t\t\t\t\t<div class=\"elementor-container elementor-column-gap-extended\">\n\t\t\t\t\t<div class=\"elementor-column elementor-col-100 elementor-top-column elementor-element elementor-element-488346e sc_content_align_inherit sc_layouts_column_icons_position_left sc_fly_static\" data-id=\"488346e\" data-element_type=\"column\" data-e-type=\"column\">\n\t\t\t<div class=\"elementor-widget-wrap elementor-element-populated\">\n\t\t\t\t\t\t<div class=\"elementor-element elementor-element-5ff959e sc_fly_static elementor-widget elementor-widget-spacer\" data-id=\"5ff959e\" data-element_type=\"widget\" data-e-type=\"widget\" data-widget_type=\"spacer.default\">\n\t\t\t\t<div class=\"elementor-widget-container\">\n\t\t\t\t\t\t\t<div class=\"elementor-spacer\">\n\t\t\t<div class=\"elementor-spacer-inner\"><\/div>\n\t\t<\/div>\n\t\t\t\t\t\t<\/div>\n\t\t\t\t<\/div>\n\t\t\t\t\t<\/div>\n\t\t<\/div>\n\t\t\t\t\t<\/div>\n\t\t<\/section>\n\t\t\t\t<section data-animation-type=\"block\" class=\"elementor-section elementor-top-section elementor-element elementor-element-3ee2aa9 elementor-section-content-middle elementor-section-boxed elementor-section-height-default elementor-section-height-default animation_type_block sc_fly_static elementor-invisible\" data-id=\"3ee2aa9\" data-element_type=\"section\" data-e-type=\"section\" data-settings=\"{&quot;animation&quot;:&quot;fadeInLeft&quot;}\">\n\t\t\t\t\t\t<div class=\"elementor-container elementor-column-gap-extended\">\n\t\t\t\t\t<div class=\"elementor-column elementor-col-100 elementor-top-column elementor-element elementor-element-7062919 sc_content_align_inherit sc_layouts_column_icons_position_left sc_fly_static\" data-id=\"7062919\" data-element_type=\"column\" data-e-type=\"column\">\n\t\t\t<div class=\"elementor-widget-wrap elementor-element-populated\">\n\t\t\t\t\t\t<section class=\"elementor-section elementor-inner-section elementor-element elementor-element-9596453 elementor-section-content-bottom elementor-section-boxed elementor-section-height-default elementor-section-height-default sc_fly_static\" data-id=\"9596453\" data-element_type=\"section\" data-e-type=\"section\">\n\t\t\t\t\t\t<div class=\"elementor-container elementor-column-gap-no\">\n\t\t\t\t\t<div class=\"elementor-column elementor-col-100 elementor-inner-column elementor-element elementor-element-4c98c95 sc_content_align_inherit sc_layouts_column_icons_position_left sc_fly_static\" data-id=\"4c98c95\" data-element_type=\"column\" data-e-type=\"column\">\n\t\t\t<div class=\"elementor-widget-wrap elementor-element-populated\">\n\t\t\t\t\t\t<div class=\"elementor-element elementor-element-edf5a86 sc_fly_static elementor-widget elementor-widget-heading\" data-id=\"edf5a86\" data-element_type=\"widget\" data-e-type=\"widget\" data-widget_type=\"heading.default\">\n\t\t\t\t<div class=\"elementor-widget-container\">\n\t\t\t\t\t<h2 class=\"elementor-heading-title elementor-size-default\">NO HAY SUBSTITUTO PARA LA EXPERIENCIA<\/h2>\t\t\t\t<\/div>\n\t\t\t\t<\/div>\n\t\t\t\t<div class=\"elementor-element elementor-element-fd1d8eb sc_height_small sc_fly_static elementor-widget elementor-widget-spacer\" data-id=\"fd1d8eb\" data-element_type=\"widget\" data-e-type=\"widget\" data-widget_type=\"spacer.default\">\n\t\t\t\t<div class=\"elementor-widget-container\">\n\t\t\t\t\t\t\t<div class=\"elementor-spacer\">\n\t\t\t<div class=\"elementor-spacer-inner\"><\/div>\n\t\t<\/div>\n\t\t\t\t\t\t<\/div>\n\t\t\t\t<\/div>\n\t\t\t\t\t<\/div>\n\t\t<\/div>\n\t\t\t\t\t<\/div>\n\t\t<\/section>\n\t\t\t\t\t<\/div>\n\t\t<\/div>\n\t\t\t\t\t<\/div>\n\t\t<\/section>\n\t\t\t\t<section class=\"elementor-section elementor-top-section elementor-element elementor-element-8f37dfa elementor-section-boxed elementor-section-height-default elementor-section-height-default sc_fly_static\" data-id=\"8f37dfa\" data-element_type=\"section\" data-e-type=\"section\">\n\t\t\t\t\t\t<div class=\"elementor-container elementor-column-gap-extended\">\n\t\t\t\t\t<div class=\"elementor-column elementor-col-50 elementor-top-column elementor-element elementor-element-0985190 sc_content_align_inherit sc_layouts_column_icons_position_left sc_fly_static\" data-id=\"0985190\" data-element_type=\"column\" data-e-type=\"column\">\n\t\t\t<div class=\"elementor-widget-wrap elementor-element-populated\">\n\t\t\t\t\t\t<div data-animation-type=\"block\" class=\"elementor-element elementor-element-652f30e elementor-widget__width-auto no-title animation_type_block sc_fly_static elementor-invisible elementor-widget elementor-widget-image\" data-id=\"652f30e\" data-element_type=\"widget\" data-e-type=\"widget\" data-settings=\"{&quot;_animation&quot;:&quot;edifice-fadeinup&quot;}\" data-widget_type=\"image.default\">\n\t\t\t\t<div class=\"elementor-widget-container\">\n\t\t\t\t\t\t\t\t\t\t\t\t<figure class=\"wp-caption\">\n\t\t\t\t\t\t\t\t\t\t<img fetchpriority=\"high\" decoding=\"async\" width=\"456\" height=\"613\" src=\"https:\/\/constructorapjp.com\/wp-content\/uploads\/2024\/05\/foto_what_build01.jpg\" class=\"attachment-full size-full wp-image-35306\" alt=\"\" srcset=\"https:\/\/constructorapjp.com\/wp-content\/uploads\/2024\/05\/foto_what_build01.jpg 456w, https:\/\/constructorapjp.com\/wp-content\/uploads\/2024\/05\/foto_what_build01-223x300.jpg 223w, https:\/\/constructorapjp.com\/wp-content\/uploads\/2024\/05\/foto_what_build01-370x497.jpg 370w, https:\/\/constructorapjp.com\/wp-content\/uploads\/2024\/05\/foto_what_build01-410x551.jpg 410w\" sizes=\"(max-width: 600px) 100vw, 456px\" \/>\t\t\t\t\t\t\t\t\t\t\t<figcaption class=\"widget-image-caption wp-caption-text\"><\/figcaption>\n\t\t\t\t\t\t\t\t\t\t<\/figure>\n\t\t\t\t\t\t\t\t\t<\/div>\n\t\t\t\t<\/div>\n\t\t\t\t\t<\/div>\n\t\t<\/div>\n\t\t\t\t<div class=\"elementor-column elementor-col-50 elementor-top-column elementor-element elementor-element-bd5bb7d sc_content_align_inherit sc_layouts_column_icons_position_left sc_fly_static\" data-id=\"bd5bb7d\" data-element_type=\"column\" data-e-type=\"column\">\n\t\t\t<div class=\"elementor-widget-wrap elementor-element-populated\">\n\t\t\t\t\t\t<div class=\"elementor-element elementor-element-a33becb sc_fly_static elementor-widget elementor-widget-trx_sc_title\" data-id=\"a33becb\" data-element_type=\"widget\" data-e-type=\"widget\" data-widget_type=\"trx_sc_title.default\">\n\t\t\t\t<div class=\"elementor-widget-container\">\n\t\t\t\t\t<div\t\tclass=\"sc_title sc_title_default\" ><h3 class=\"sc_item_title sc_title_title sc_item_title_style_default sc_item_title_tag\"\n\t\t\t><span class=\"sc_item_title_text\">VIVIENDAS Y REMODELACIONES<\/span><\/h3><\/div>\t\t\t\t<\/div>\n\t\t\t\t<\/div>\n\t\t\t\t<div class=\"elementor-element elementor-element-352d305 sc_fly_static elementor-widget elementor-widget-text-editor\" data-id=\"352d305\" data-element_type=\"widget\" data-e-type=\"widget\" data-widget_type=\"text-editor.default\">\n\t\t\t\t<div class=\"elementor-widget-container\">\n\t\t\t\t\t\t\t\t\t<p>Nuestro equipo experimentado de jefes de obras y administradores trabajan en estrecha colaboraci\u00f3n con dise\u00f1adores, arquitectos y clientes para garantizar que la visi\u00f3n del propietario se haga realidad. Esto comienza desde la concepci\u00f3n del proyecto, pasando por la planificaci\u00f3n, el trabajo estructural, la construcci\u00f3n y el acabado interior.<\/p>\t\t\t\t\t\t\t\t<\/div>\n\t\t\t\t<\/div>\n\t\t\t\t<div class=\"elementor-element elementor-element-d4119e8 elementor-widget-divider--view-line sc_fly_static elementor-widget elementor-widget-divider\" data-id=\"d4119e8\" data-element_type=\"widget\" data-e-type=\"widget\" data-widget_type=\"divider.default\">\n\t\t\t\t<div class=\"elementor-widget-container\">\n\t\t\t\t\t\t\t<div class=\"elementor-divider\">\n\t\t\t<span class=\"elementor-divider-separator\">\n\t\t\t\t\t\t<\/span>\n\t\t<\/div>\n\t\t\t\t\t\t<\/div>\n\t\t\t\t<\/div>\n\t\t\t\t\t<\/div>\n\t\t<\/div>\n\t\t\t\t\t<\/div>\n\t\t<\/section>\n\t\t\t\t<section class=\"elementor-section elementor-top-section elementor-element elementor-element-fa07cc0 elementor-section-boxed elementor-section-height-default elementor-section-height-default sc_fly_static\" data-id=\"fa07cc0\" data-element_type=\"section\" data-e-type=\"section\">\n\t\t\t\t\t\t<div class=\"elementor-container elementor-column-gap-extended\">\n\t\t\t\t\t<div class=\"elementor-column elementor-col-100 elementor-top-column elementor-element elementor-element-6a695d7 sc_content_align_inherit sc_layouts_column_icons_position_left sc_fly_static\" data-id=\"6a695d7\" data-element_type=\"column\" data-e-type=\"column\">\n\t\t\t<div class=\"elementor-widget-wrap elementor-element-populated\">\n\t\t\t\t\t\t<div class=\"elementor-element elementor-element-0223052 sc_fly_static elementor-widget elementor-widget-spacer\" data-id=\"0223052\" data-element_type=\"widget\" data-e-type=\"widget\" data-widget_type=\"spacer.default\">\n\t\t\t\t<div class=\"elementor-widget-container\">\n\t\t\t\t\t\t\t<div class=\"elementor-spacer\">\n\t\t\t<div class=\"elementor-spacer-inner\"><\/div>\n\t\t<\/div>\n\t\t\t\t\t\t<\/div>\n\t\t\t\t<\/div>\n\t\t\t\t\t<\/div>\n\t\t<\/div>\n\t\t\t\t\t<\/div>\n\t\t<\/section>\n\t\t\t\t<section data-animation-type=\"block\" class=\"elementor-section elementor-top-section elementor-element elementor-element-da75dd8 elementor-section-content-middle elementor-section-boxed elementor-section-height-default elementor-section-height-default animation_type_block sc_fly_static elementor-invisible\" data-id=\"da75dd8\" data-element_type=\"section\" data-e-type=\"section\" data-settings=\"{&quot;animation&quot;:&quot;fadeInRight&quot;}\">\n\t\t\t\t\t\t<div class=\"elementor-container elementor-column-gap-extended\">\n\t\t\t\t\t<div class=\"elementor-column elementor-col-50 elementor-top-column elementor-element elementor-element-b524d8f sc_content_align_inherit sc_layouts_column_icons_position_left sc_fly_static\" data-id=\"b524d8f\" data-element_type=\"column\" data-e-type=\"column\">\n\t\t\t<div class=\"elementor-widget-wrap elementor-element-populated\">\n\t\t\t\t\t\t<section class=\"elementor-section elementor-inner-section elementor-element elementor-element-0cde0ec elementor-section-content-bottom elementor-section-boxed elementor-section-height-default elementor-section-height-default sc_fly_static\" data-id=\"0cde0ec\" data-element_type=\"section\" data-e-type=\"section\">\n\t\t\t\t\t\t<div class=\"elementor-container elementor-column-gap-no\">\n\t\t\t\t\t<div class=\"elementor-column elementor-col-100 elementor-inner-column elementor-element elementor-element-5a1e13c sc_content_align_inherit sc_layouts_column_icons_position_left sc_fly_static\" data-id=\"5a1e13c\" data-element_type=\"column\" data-e-type=\"column\">\n\t\t\t<div class=\"elementor-widget-wrap elementor-element-populated\">\n\t\t\t\t\t\t<div data-animation-type=\"block\" class=\"elementor-element elementor-element-000fcca elementor-widget__width-auto no-title animation_type_block sc_fly_static elementor-invisible elementor-widget elementor-widget-image\" data-id=\"000fcca\" data-element_type=\"widget\" data-e-type=\"widget\" data-settings=\"{&quot;_animation&quot;:&quot;edifice-fadeinup&quot;}\" data-widget_type=\"image.default\">\n\t\t\t\t<div class=\"elementor-widget-container\">\n\t\t\t\t\t\t\t\t\t\t\t\t<figure class=\"wp-caption\">\n\t\t\t\t\t\t\t\t\t\t<img decoding=\"async\" width=\"456\" height=\"613\" src=\"https:\/\/constructorapjp.com\/wp-content\/uploads\/2024\/05\/foto_what_build02.jpg\" class=\"attachment-full size-full wp-image-35307\" alt=\"\" srcset=\"https:\/\/constructorapjp.com\/wp-content\/uploads\/2024\/05\/foto_what_build02.jpg 456w, https:\/\/constructorapjp.com\/wp-content\/uploads\/2024\/05\/foto_what_build02-223x300.jpg 223w, https:\/\/constructorapjp.com\/wp-content\/uploads\/2024\/05\/foto_what_build02-370x497.jpg 370w, https:\/\/constructorapjp.com\/wp-content\/uploads\/2024\/05\/foto_what_build02-410x551.jpg 410w\" sizes=\"(max-width: 600px) 100vw, 456px\" \/>\t\t\t\t\t\t\t\t\t\t\t<figcaption class=\"widget-image-caption wp-caption-text\"><\/figcaption>\n\t\t\t\t\t\t\t\t\t\t<\/figure>\n\t\t\t\t\t\t\t\t\t<\/div>\n\t\t\t\t<\/div>\n\t\t\t\t\t<\/div>\n\t\t<\/div>\n\t\t\t\t\t<\/div>\n\t\t<\/section>\n\t\t\t\t\t<\/div>\n\t\t<\/div>\n\t\t\t\t<div class=\"elementor-column elementor-col-50 elementor-top-column elementor-element elementor-element-18e4f08 sc_content_align_inherit sc_layouts_column_icons_position_left sc_fly_static\" data-id=\"18e4f08\" data-element_type=\"column\" data-e-type=\"column\">\n\t\t\t<div class=\"elementor-widget-wrap elementor-element-populated\">\n\t\t\t\t\t\t<div class=\"elementor-element elementor-element-598ac08 sc_fly_static elementor-widget elementor-widget-trx_sc_title\" data-id=\"598ac08\" data-element_type=\"widget\" data-e-type=\"widget\" data-widget_type=\"trx_sc_title.default\">\n\t\t\t\t<div class=\"elementor-widget-container\">\n\t\t\t\t\t<div\t\tclass=\"sc_title sc_title_default\" ><h3 class=\"sc_item_title sc_title_title sc_item_title_style_default sc_item_title_tag\"\n\t\t\t><span class=\"sc_item_title_text\">INDUSTRIAL \/ COMERCIAL<\/span><\/h3><\/div>\t\t\t\t<\/div>\n\t\t\t\t<\/div>\n\t\t\t\t<div class=\"elementor-element elementor-element-cd2bd31 sc_fly_static elementor-widget elementor-widget-text-editor\" data-id=\"cd2bd31\" data-element_type=\"widget\" data-e-type=\"widget\" data-widget_type=\"text-editor.default\">\n\t\t\t\t<div class=\"elementor-widget-container\">\n\t\t\t\t\t\t\t\t\t<p>Contamos con un grupo de profesionales dedicados a proyectos de construcci\u00f3n basados \u200b\u200ben un enfoque centrado en el cliente que se esfuerza efectivamente por superar las expectativas del cliente con pr\u00e1cticas de seguridad excepcionales. Est\u00e1ndares de construcci\u00f3n de alta calidad; y alcances, presupuestos y cronogramas precisos.<\/p><p>Con una cultura empresarial 24 horas al d\u00eda, 7 d\u00edas a la semana, basada en nuestra respuesta a emergencias de construcci\u00f3n, podemos adaptarnos a su cronograma para completar su proyecto cuando sea conveniente para usted. Ya sea que eso signifique trabajar por la noche o los fines de semana para minimizar el impacto en sus operaciones, estamos disponibles para satisfacer las necesidades de su proyecto.<\/p>\t\t\t\t\t\t\t\t<\/div>\n\t\t\t\t<\/div>\n\t\t\t\t<div class=\"elementor-element elementor-element-dfdcee9 elementor-widget-divider--view-line sc_fly_static elementor-widget elementor-widget-divider\" data-id=\"dfdcee9\" data-element_type=\"widget\" data-e-type=\"widget\" data-widget_type=\"divider.default\">\n\t\t\t\t<div class=\"elementor-widget-container\">\n\t\t\t\t\t\t\t<div class=\"elementor-divider\">\n\t\t\t<span class=\"elementor-divider-separator\">\n\t\t\t\t\t\t<\/span>\n\t\t<\/div>\n\t\t\t\t\t\t<\/div>\n\t\t\t\t<\/div>\n\t\t\t\t\t<\/div>\n\t\t<\/div>\n\t\t\t\t\t<\/div>\n\t\t<\/section>\n\t\t\t\t<section class=\"elementor-section elementor-top-section elementor-element elementor-element-c8ae884 elementor-section-boxed elementor-section-height-default elementor-section-height-default sc_fly_static\" data-id=\"c8ae884\" data-element_type=\"section\" data-e-type=\"section\">\n\t\t\t\t\t\t<div class=\"elementor-container elementor-column-gap-extended\">\n\t\t\t\t\t<div class=\"elementor-column elementor-col-100 elementor-top-column elementor-element elementor-element-423ec08 sc_content_align_inherit sc_layouts_column_icons_position_left sc_fly_static\" data-id=\"423ec08\" data-element_type=\"column\" data-e-type=\"column\">\n\t\t\t<div class=\"elementor-widget-wrap elementor-element-populated\">\n\t\t\t\t\t\t<div class=\"elementor-element elementor-element-63605dd sc_fly_static elementor-widget elementor-widget-spacer\" data-id=\"63605dd\" data-element_type=\"widget\" data-e-type=\"widget\" data-widget_type=\"spacer.default\">\n\t\t\t\t<div class=\"elementor-widget-container\">\n\t\t\t\t\t\t\t<div class=\"elementor-spacer\">\n\t\t\t<div class=\"elementor-spacer-inner\"><\/div>\n\t\t<\/div>\n\t\t\t\t\t\t<\/div>\n\t\t\t\t<\/div>\n\t\t\t\t\t<\/div>\n\t\t<\/div>\n\t\t\t\t\t<\/div>\n\t\t<\/section>\n\t\t\t\t<section data-animation-type=\"block\" class=\"elementor-section elementor-top-section elementor-element elementor-element-91d700c elementor-section-content-middle elementor-section-boxed elementor-section-height-default elementor-section-height-default animation_type_block sc_fly_static elementor-invisible\" data-id=\"91d700c\" data-element_type=\"section\" data-e-type=\"section\" data-settings=\"{&quot;animation&quot;:&quot;fadeInRight&quot;}\">\n\t\t\t\t\t\t<div class=\"elementor-container elementor-column-gap-extended\">\n\t\t\t\t\t<div class=\"elementor-column elementor-col-50 elementor-top-column elementor-element elementor-element-28d4ae0 sc_content_align_inherit sc_layouts_column_icons_position_left sc_fly_static\" data-id=\"28d4ae0\" data-element_type=\"column\" data-e-type=\"column\">\n\t\t\t<div class=\"elementor-widget-wrap elementor-element-populated\">\n\t\t\t\t\t\t<section class=\"elementor-section elementor-inner-section elementor-element elementor-element-f261b49 elementor-section-content-bottom elementor-section-boxed elementor-section-height-default elementor-section-height-default sc_fly_static\" data-id=\"f261b49\" data-element_type=\"section\" data-e-type=\"section\">\n\t\t\t\t\t\t<div class=\"elementor-container elementor-column-gap-no\">\n\t\t\t\t\t<div class=\"elementor-column elementor-col-100 elementor-inner-column elementor-element elementor-element-20db55f sc_content_align_inherit sc_layouts_column_icons_position_left sc_fly_static\" data-id=\"20db55f\" data-element_type=\"column\" data-e-type=\"column\">\n\t\t\t<div class=\"elementor-widget-wrap elementor-element-populated\">\n\t\t\t\t\t\t<div data-animation-type=\"block\" class=\"elementor-element elementor-element-14174b8 elementor-widget__width-auto no-title animation_type_block sc_fly_static elementor-invisible elementor-widget elementor-widget-image\" data-id=\"14174b8\" data-element_type=\"widget\" data-e-type=\"widget\" data-settings=\"{&quot;_animation&quot;:&quot;edifice-fadeinup&quot;}\" data-widget_type=\"image.default\">\n\t\t\t\t<div class=\"elementor-widget-container\">\n\t\t\t\t\t\t\t\t\t\t\t\t<figure class=\"wp-caption\">\n\t\t\t\t\t\t\t\t\t\t<img decoding=\"async\" width=\"456\" height=\"613\" src=\"https:\/\/constructorapjp.com\/wp-content\/uploads\/2024\/05\/foto_what_build03.jpg\" class=\"attachment-full size-full wp-image-35308\" alt=\"\" srcset=\"https:\/\/constructorapjp.com\/wp-content\/uploads\/2024\/05\/foto_what_build03.jpg 456w, https:\/\/constructorapjp.com\/wp-content\/uploads\/2024\/05\/foto_what_build03-223x300.jpg 223w, https:\/\/constructorapjp.com\/wp-content\/uploads\/2024\/05\/foto_what_build03-370x497.jpg 370w, https:\/\/constructorapjp.com\/wp-content\/uploads\/2024\/05\/foto_what_build03-410x551.jpg 410w\" sizes=\"(max-width: 600px) 100vw, 456px\" \/>\t\t\t\t\t\t\t\t\t\t\t<figcaption class=\"widget-image-caption wp-caption-text\"><\/figcaption>\n\t\t\t\t\t\t\t\t\t\t<\/figure>\n\t\t\t\t\t\t\t\t\t<\/div>\n\t\t\t\t<\/div>\n\t\t\t\t\t<\/div>\n\t\t<\/div>\n\t\t\t\t\t<\/div>\n\t\t<\/section>\n\t\t\t\t\t<\/div>\n\t\t<\/div>\n\t\t\t\t<div class=\"elementor-column elementor-col-50 elementor-top-column elementor-element elementor-element-084eca7 sc_content_align_inherit sc_layouts_column_icons_position_left sc_fly_static\" data-id=\"084eca7\" data-element_type=\"column\" data-e-type=\"column\">\n\t\t\t<div class=\"elementor-widget-wrap elementor-element-populated\">\n\t\t\t\t\t\t<div class=\"elementor-element elementor-element-eb1e6de sc_fly_static elementor-widget elementor-widget-trx_sc_title\" data-id=\"eb1e6de\" data-element_type=\"widget\" data-e-type=\"widget\" data-widget_type=\"trx_sc_title.default\">\n\t\t\t\t<div class=\"elementor-widget-container\">\n\t\t\t\t\t<div\t\tclass=\"sc_title sc_title_default\" ><h3 class=\"sc_item_title sc_title_title sc_item_title_style_default sc_item_title_tag\"\n\t\t\t><span class=\"sc_item_title_text\">SERVICIOS GENERALES<\/span><\/h3><\/div>\t\t\t\t<\/div>\n\t\t\t\t<\/div>\n\t\t\t\t<div class=\"elementor-element elementor-element-b03376a sc_fly_static elementor-widget elementor-widget-text-editor\" data-id=\"b03376a\" data-element_type=\"widget\" data-e-type=\"widget\" data-widget_type=\"text-editor.default\">\n\t\t\t\t<div class=\"elementor-widget-container\">\n\t\t\t\t\t\t\t\t\t<p>Servicios de preconstrucci\u00f3n, dise\u00f1os de ingenier\u00eda, arquitectura, permisos municipales, dise\u00f1os de interiores, mantenimiento en general.<\/p><p><a href=\"https:\/\/constructorapjp.com\/es\/our-process\/\">El M\u00e9todo de Construcci\u00f3n de lujo va de la mano con los servicios de preconstrucci\u00f3n. As\u00ed es como hemos elaborado un video f\u00e1cil que ayuda a que el proyecto de construcci\u00f3n se ejecute dentro de los t\u00e9rminos establecidos.<\/a><\/p>\t\t\t\t\t\t\t\t<\/div>\n\t\t\t\t<\/div>\n\t\t\t\t<div class=\"elementor-element elementor-element-5838e60 elementor-widget-divider--view-line sc_fly_static elementor-widget elementor-widget-divider\" data-id=\"5838e60\" data-element_type=\"widget\" data-e-type=\"widget\" data-widget_type=\"divider.default\">\n\t\t\t\t<div class=\"elementor-widget-container\">\n\t\t\t\t\t\t\t<div class=\"elementor-divider\">\n\t\t\t<span class=\"elementor-divider-separator\">\n\t\t\t\t\t\t<\/span>\n\t\t<\/div>\n\t\t\t\t\t\t<\/div>\n\t\t\t\t<\/div>\n\t\t\t\t\t<\/div>\n\t\t<\/div>\n\t\t\t\t\t<\/div>\n\t\t<\/section>\n\t\t\t\t<\/div>","protected":false},"excerpt":{"rendered":"<p>There&#8217;s No Substitute for Experience HOUSE &#038; REMODELINGS Our management team and experienced site managers work closely with designers, architects and clients to ensure the homeowner\u2019s vision is realised. This&hellip;<\/p>","protected":false},"author":1,"featured_media":0,"parent":0,"menu_order":0,"comment_status":"closed","ping_status":"closed","template":"elementor_theme","meta":{"_joinchat":[],"footnotes":""},"class_list":["post-35946","page","type-page","status-publish","hentry"],"_links":{"self":[{"href":"https:\/\/constructorapjp.com\/es\/wp-json\/wp\/v2\/pages\/35946","targetHints":{"allow":["GET"]}}],"collection":[{"href":"https:\/\/constructorapjp.com\/es\/wp-json\/wp\/v2\/pages"}],"about":[{"href":"https:\/\/constructorapjp.com\/es\/wp-json\/wp\/v2\/types\/page"}],"author":[{"embeddable":true,"href":"https:\/\/constructorapjp.com\/es\/wp-json\/wp\/v2\/users\/1"}],"replies":[{"embeddable":true,"href":"https:\/\/constructorapjp.com\/es\/wp-json\/wp\/v2\/comments?post=35946"}],"version-history":[{"count":20,"href":"https:\/\/constructorapjp.com\/es\/wp-json\/wp\/v2\/pages\/35946\/revisions"}],"predecessor-version":[{"id":36454,"href":"https:\/\/constructorapjp.com\/es\/wp-json\/wp\/v2\/pages\/35946\/revisions\/36454"}],"wp:attachment":[{"href":"https:\/\/constructorapjp.com\/es\/wp-json\/wp\/v2\/media?parent=35946"}],"curies":[{"name":"wp","href":"https:\/\/api.w.org\/{rel}","templated":true}]}}