{"id":29495,"date":"2023-04-07T13:52:40","date_gmt":"2023-04-07T13:52:40","guid":{"rendered":"http:\/\/constructorapjp.com\/?page_id=29495"},"modified":"2025-03-06T02:38:09","modified_gmt":"2025-03-06T02:38:09","slug":"home","status":"publish","type":"page","link":"https:\/\/constructorapjp.com\/es\/","title":{"rendered":"INICIO"},"content":{"rendered":"<div data-elementor-type=\"wp-page\" data-elementor-id=\"29495\" class=\"elementor elementor-29495\" data-elementor-post-type=\"page\">\n\t\t\t\t\t\t<section class=\"elementor-section elementor-top-section elementor-element elementor-element-9bf7088 elementor-section-full_width elementor-section-height-default elementor-section-height-default sc_gradient_animation_none sc_fly_static\" data-id=\"9bf7088\" data-element_type=\"section\" data-e-type=\"section\" data-settings=\"{&quot;background_background&quot;:&quot;gradient&quot;}\">\n\t\t\t\t\t\t<div class=\"elementor-container elementor-column-gap-no\">\n\t\t\t\t\t<div class=\"elementor-column elementor-col-100 elementor-top-column elementor-element elementor-element-8cee656 sc_content_align_inherit sc_layouts_column_icons_position_left sc_fly_static\" data-id=\"8cee656\" data-element_type=\"column\" data-e-type=\"column\">\n\t\t\t<div class=\"elementor-widget-wrap elementor-element-populated\">\n\t\t\t\t\t\t<div class=\"elementor-element elementor-element-24512ac elementor-arrows-position-inside elementor-pagination-position-outside sc_fly_static elementor-widget elementor-widget-image-carousel\" data-id=\"24512ac\" data-element_type=\"widget\" data-e-type=\"widget\" data-settings=\"{&quot;slides_to_show&quot;:&quot;1&quot;,&quot;lazyload&quot;:&quot;yes&quot;,&quot;autoplay_speed&quot;:4000,&quot;effect&quot;:&quot;fade&quot;,&quot;navigation&quot;:&quot;both&quot;,&quot;autoplay&quot;:&quot;yes&quot;,&quot;pause_on_hover&quot;:&quot;yes&quot;,&quot;pause_on_interaction&quot;:&quot;yes&quot;,&quot;infinite&quot;:&quot;yes&quot;,&quot;speed&quot;:500}\" data-widget_type=\"image-carousel.default\">\n\t\t\t\t<div class=\"elementor-widget-container\">\n\t\t\t\t\t\t\t<div class=\"elementor-image-carousel-wrapper swiper\" role=\"region\" aria-roledescription=\"carousel\" aria-label=\"Image Carousel\" dir=\"ltr\">\n\t\t\t<div class=\"elementor-image-carousel swiper-wrapper swiper-image-stretch\" aria-live=\"off\">\n\t\t\t\t\t\t\t\t<div class=\"swiper-slide\" role=\"group\" aria-roledescription=\"slide\" aria-label=\"1 of 3\"><figure class=\"swiper-slide-inner\"><img class=\"swiper-slide-image swiper-lazy\" data-src=\"https:\/\/constructorapjp.com\/wp-content\/uploads\/2024\/04\/slider03.jpg\" alt=\"slider03\" \/><div class=\"swiper-lazy-preloader\"><\/div><\/figure><\/div><div class=\"swiper-slide\" role=\"group\" aria-roledescription=\"slide\" aria-label=\"2 of 3\"><figure class=\"swiper-slide-inner\"><img class=\"swiper-slide-image swiper-lazy\" data-src=\"https:\/\/constructorapjp.com\/wp-content\/uploads\/2024\/04\/slider02.jpg\" alt=\"slider02\" \/><div class=\"swiper-lazy-preloader\"><\/div><\/figure><\/div><div class=\"swiper-slide\" role=\"group\" aria-roledescription=\"slide\" aria-label=\"3 of 3\"><figure class=\"swiper-slide-inner\"><img class=\"swiper-slide-image swiper-lazy\" data-src=\"https:\/\/constructorapjp.com\/wp-content\/uploads\/2024\/04\/slider01.jpg\" alt=\"slider01\" \/><div class=\"swiper-lazy-preloader\"><\/div><\/figure><\/div>\t\t\t<\/div>\n\t\t\t\t\t\t\t\t\t\t\t\t<div class=\"elementor-swiper-button elementor-swiper-button-prev\" role=\"button\" tabindex=\"0\">\n\t\t\t\t\t\t<i aria-hidden=\"true\" class=\"eicon-chevron-left\"><\/i>\t\t\t\t\t<\/div>\n\t\t\t\t\t<div class=\"elementor-swiper-button elementor-swiper-button-next\" role=\"button\" tabindex=\"0\">\n\t\t\t\t\t\t<i aria-hidden=\"true\" class=\"eicon-chevron-right\"><\/i>\t\t\t\t\t<\/div>\n\t\t\t\t\n\t\t\t\t\t\t\t\t\t<div class=\"swiper-pagination\"><\/div>\n\t\t\t\t\t\t\t\t\t<\/div>\n\t\t\t\t\t\t<\/div>\n\t\t\t\t<\/div>\n\t\t\t\t\t<\/div>\n\t\t<\/div>\n\t\t\t\t\t<\/div>\n\t\t<\/section>\n\t\t\t\t<section class=\"elementor-section elementor-top-section elementor-element elementor-element-1d3db203 scheme_light elementor-section-boxed elementor-section-height-default elementor-section-height-default sc_fly_static\" data-id=\"1d3db203\" data-element_type=\"section\" data-e-type=\"section\" data-settings=\"{&quot;background_background&quot;:&quot;classic&quot;}\">\n\t\t\t\t\t\t<div class=\"elementor-container elementor-column-gap-extended\">\n\t\t\t\t\t<div class=\"elementor-column elementor-col-100 elementor-top-column elementor-element elementor-element-6d4f13b7 sc_layouts_column_align_center sc_layouts_column sc_content_align_inherit sc_layouts_column_icons_position_left sc_fly_static\" data-id=\"6d4f13b7\" data-element_type=\"column\" data-e-type=\"column\">\n\t\t\t<div class=\"elementor-widget-wrap elementor-element-populated\">\n\t\t\t\t\t\t<div class=\"elementor-element elementor-element-27d3ccea sc_height_small sc_fly_static elementor-widget elementor-widget-spacer\" data-id=\"27d3ccea\" data-element_type=\"widget\" data-e-type=\"widget\" data-widget_type=\"spacer.default\">\n\t\t\t\t<div class=\"elementor-widget-container\">\n\t\t\t\t\t\t\t<div class=\"elementor-spacer\">\n\t\t\t<div class=\"elementor-spacer-inner\"><\/div>\n\t\t<\/div>\n\t\t\t\t\t\t<\/div>\n\t\t\t\t<\/div>\n\t\t\t\t<section class=\"elementor-section elementor-inner-section elementor-element elementor-element-8d54217 elementor-section-boxed elementor-section-height-default elementor-section-height-default sc_fly_static\" data-id=\"8d54217\" data-element_type=\"section\" data-e-type=\"section\">\n\t\t\t\t\t\t<div class=\"elementor-container elementor-column-gap-extended\">\n\t\t\t\t\t<div class=\"elementor-column elementor-col-100 elementor-inner-column elementor-element elementor-element-c8ad0a8 sc_content_align_inherit sc_layouts_column_icons_position_left sc_fly_static\" data-id=\"c8ad0a8\" data-element_type=\"column\" data-e-type=\"column\">\n\t\t\t<div class=\"elementor-widget-wrap elementor-element-populated\">\n\t\t\t\t\t\t<div class=\"elementor-element elementor-element-2fe1d84 sc_fly_static elementor-widget elementor-widget-trx_sc_title\" data-id=\"2fe1d84\" data-element_type=\"widget\" data-e-type=\"widget\" data-widget_type=\"trx_sc_title.default\">\n\t\t\t\t<div class=\"elementor-widget-container\">\n\t\t\t\t\t<div\t\tclass=\"sc_title sc_title_default\" ><div class=\"sc_item_descr sc_title_descr\"><p>Desde el a\u00f1o 2009, Constructora PJP ha trabajado en conjunto con Proyectistas, Jefes de Industrias, due\u00f1os de viviendas, dise\u00f1adores, arquitectos y Municipios para ofrecer servicios inigualables de construcci\u00f3n, renovaci\u00f3n, remodelaci\u00f3n y mantenimientos en toda la Rep\u00fablica del Ecuador en especial en la Provincia del Guayas.<\/p>\n<\/div><\/div>\t\t\t\t<\/div>\n\t\t\t\t<\/div>\n\t\t\t\t\t<\/div>\n\t\t<\/div>\n\t\t\t\t\t<\/div>\n\t\t<\/section>\n\t\t\t\t<section class=\"elementor-section elementor-inner-section elementor-element elementor-element-4db1d09 elementor-section-boxed elementor-section-height-default elementor-section-height-default sc_fly_static\" data-id=\"4db1d09\" data-element_type=\"section\" data-e-type=\"section\">\n\t\t\t\t\t\t<div class=\"elementor-container elementor-column-gap-extended\">\n\t\t\t\t\t<div class=\"elementor-column elementor-col-100 elementor-inner-column elementor-element elementor-element-7f1c798 sc_content_align_inherit sc_layouts_column_icons_position_left sc_fly_static\" data-id=\"7f1c798\" data-element_type=\"column\" data-e-type=\"column\">\n\t\t\t<div class=\"elementor-widget-wrap elementor-element-populated\">\n\t\t\t\t\t\t<div class=\"elementor-element elementor-element-80cf52c sc_height_small sc_fly_static elementor-widget elementor-widget-spacer\" data-id=\"80cf52c\" data-element_type=\"widget\" data-e-type=\"widget\" data-widget_type=\"spacer.default\">\n\t\t\t\t<div class=\"elementor-widget-container\">\n\t\t\t\t\t\t\t<div class=\"elementor-spacer\">\n\t\t\t<div class=\"elementor-spacer-inner\"><\/div>\n\t\t<\/div>\n\t\t\t\t\t\t<\/div>\n\t\t\t\t<\/div>\n\t\t\t\t<div class=\"elementor-element elementor-element-1a70a85 sc_fly_static elementor-widget elementor-widget-trx_sc_title\" data-id=\"1a70a85\" data-element_type=\"widget\" data-e-type=\"widget\" data-widget_type=\"trx_sc_title.default\">\n\t\t\t\t<div class=\"elementor-widget-container\">\n\t\t\t\t\t<div\t\tclass=\"sc_title sc_title_default\" ><h1 class=\"sc_item_title sc_title_title sc_item_title_style_default sc_item_title_tag\"\n\t\t\t><span class=\"sc_item_title_text\">\u00bfPor qu\u00e9 elegirnos?<\/span><\/h1><div class=\"sc_item_descr sc_title_descr\"><p>Gracias a la experiencia obtenida en estos \u00faltimos 15 a\u00f1os, hemos implementado un proceso muy simplificado para la ejecuci\u00f3n de los procesos constructivos.<\/p>\n<p>El \u00e9xito del m\u00e9todo constructivo de \u201cConstructora PJP\u201d es combinar los valores fundamentales (comunicaci\u00f3n clara y directa, Responsabilidad, Iniciativa, aprendizaje constante y nuestra frase insignia \u00a1Haz las cosas s\u00f3lo una vez!) con responsabilidades simples para el personal de construcci\u00f3n, el equipo de dise\u00f1o. y el cliente.<\/p>\n<\/div><\/div>\t\t\t\t<\/div>\n\t\t\t\t<\/div>\n\t\t\t\t<div class=\"elementor-element elementor-element-abb9d87 sc_height_small sc_fly_static elementor-widget elementor-widget-spacer\" data-id=\"abb9d87\" data-element_type=\"widget\" data-e-type=\"widget\" data-widget_type=\"spacer.default\">\n\t\t\t\t<div class=\"elementor-widget-container\">\n\t\t\t\t\t\t\t<div class=\"elementor-spacer\">\n\t\t\t<div class=\"elementor-spacer-inner\"><\/div>\n\t\t<\/div>\n\t\t\t\t\t\t<\/div>\n\t\t\t\t<\/div>\n\t\t\t\t<div class=\"elementor-element elementor-element-7879d39 sc_fly_static elementor-widget elementor-widget-trx_sc_title\" data-id=\"7879d39\" data-element_type=\"widget\" data-e-type=\"widget\" data-widget_type=\"trx_sc_title.default\">\n\t\t\t\t<div class=\"elementor-widget-container\">\n\t\t\t\t\t<div\t\tclass=\"sc_title sc_title_default\" ><h3 class=\"sc_item_title sc_title_title sc_item_title_style_default sc_item_title_tag\"\n\t\t\t><span class=\"sc_item_title_text\">\u00a1Este es el secreto para ejecutar cada proyecto a tiempo y dentro del presupuesto!<\/span><\/h3><div class=\"sc_item_descr sc_title_descr\"><\/div><\/div>\t\t\t\t<\/div>\n\t\t\t\t<\/div>\n\t\t\t\t\t<\/div>\n\t\t<\/div>\n\t\t\t\t\t<\/div>\n\t\t<\/section>\n\t\t\t\t<div class=\"elementor-element elementor-element-d5d8055 sc_height_small sc_fly_static elementor-widget elementor-widget-spacer\" data-id=\"d5d8055\" data-element_type=\"widget\" data-e-type=\"widget\" data-widget_type=\"spacer.default\">\n\t\t\t\t<div class=\"elementor-widget-container\">\n\t\t\t\t\t\t\t<div class=\"elementor-spacer\">\n\t\t\t<div class=\"elementor-spacer-inner\"><\/div>\n\t\t<\/div>\n\t\t\t\t\t\t<\/div>\n\t\t\t\t<\/div>\n\t\t\t\t<section class=\"elementor-section elementor-inner-section elementor-element elementor-element-9770e08 elementor-section-boxed elementor-section-height-default elementor-section-height-default sc_fly_static\" data-id=\"9770e08\" data-element_type=\"section\" data-e-type=\"section\">\n\t\t\t\t\t\t<div class=\"elementor-container elementor-column-gap-extended\">\n\t\t\t\t\t<div class=\"elementor-column elementor-col-33 elementor-inner-column elementor-element elementor-element-643591b sc_content_align_inherit sc_layouts_column_icons_position_left sc_fly_static\" data-id=\"643591b\" data-element_type=\"column\" data-e-type=\"column\">\n\t\t\t<div class=\"elementor-widget-wrap elementor-element-populated\">\n\t\t\t\t\t\t<div class=\"elementor-element elementor-element-33a49ab sc_fly_static elementor-widget elementor-widget-trx_sc_skills\" data-id=\"33a49ab\" data-element_type=\"widget\" data-e-type=\"widget\" data-widget_type=\"trx_sc_skills.default\">\n\t\t\t\t<div class=\"elementor-widget-container\">\n\t\t\t\t\t<div\t\tclass=\"sc_skills sc_skills_counter sc_skills_counter_style_counter sc_align_center\"\n\t\t\t\tdata-type=\"counter\" ><div class=\"sc_skills_column trx_addons_column-1_1\"><div class=\"sc_skills_item_wrap sc_skills_item_icon_position_top\"><div class=\"sc_skills_item\"><div class=\"sc_skills_icon sc_icon_type_ icon-crane trx_addons_inline_921368542\"><\/div><div class=\"sc_skills_total\" data-start=\"0\" data-stop=\"250\" data-step=\"2.5\" data-max=\"250\" data-speed=\"15\" data-duration=\"1500\" data-ed=\"+\" data-style=\"counter\">0+<\/div><\/div><\/div><\/div><\/div>\t\t\t\t<\/div>\n\t\t\t\t<\/div>\n\t\t\t\t<div class=\"elementor-element elementor-element-cee90ca sc_fly_static elementor-widget elementor-widget-heading\" data-id=\"cee90ca\" data-element_type=\"widget\" data-e-type=\"widget\" data-widget_type=\"heading.default\">\n\t\t\t\t<div class=\"elementor-widget-container\">\n\t\t\t\t\t<h4 class=\"elementor-heading-title elementor-size-default\">PROYECTOS CONSTRUIDOS<\/h4>\t\t\t\t<\/div>\n\t\t\t\t<\/div>\n\t\t\t\t\t<\/div>\n\t\t<\/div>\n\t\t\t\t<div class=\"elementor-column elementor-col-33 elementor-inner-column elementor-element elementor-element-ec50dfa sc_content_align_inherit sc_layouts_column_icons_position_left sc_fly_static\" data-id=\"ec50dfa\" data-element_type=\"column\" data-e-type=\"column\">\n\t\t\t<div class=\"elementor-widget-wrap elementor-element-populated\">\n\t\t\t\t\t\t<div class=\"elementor-element elementor-element-6d7e183 sc_fly_static elementor-widget elementor-widget-trx_sc_skills\" data-id=\"6d7e183\" data-element_type=\"widget\" data-e-type=\"widget\" data-widget_type=\"trx_sc_skills.default\">\n\t\t\t\t<div class=\"elementor-widget-container\">\n\t\t\t\t\t<div\t\tclass=\"sc_skills sc_skills_counter sc_skills_counter_style_counter sc_align_center\"\n\t\t\t\tdata-type=\"counter\" ><div class=\"sc_skills_column trx_addons_column-1_1\"><div class=\"sc_skills_item_wrap sc_skills_item_icon_position_top\"><div class=\"sc_skills_item\"><div class=\"sc_skills_icon sc_icon_type_ icon-money-light trx_addons_inline_642464628\"><\/div><div class=\"sc_skills_total\" data-start=\"0\" data-stop=\"9.5\" data-step=\"0.095\" data-max=\"9.5\" data-speed=\"2\" data-duration=\"150\" data-ed=\"m+\" data-style=\"counter\">0m+<\/div><\/div><\/div><\/div><\/div>\t\t\t\t<\/div>\n\t\t\t\t<\/div>\n\t\t\t\t<div class=\"elementor-element elementor-element-7519cdd sc_fly_static elementor-widget elementor-widget-heading\" data-id=\"7519cdd\" data-element_type=\"widget\" data-e-type=\"widget\" data-widget_type=\"heading.default\">\n\t\t\t\t<div class=\"elementor-widget-container\">\n\t\t\t\t\t<h4 class=\"elementor-heading-title elementor-size-default\">VALORES COMBINADOS<\/h4>\t\t\t\t<\/div>\n\t\t\t\t<\/div>\n\t\t\t\t\t<\/div>\n\t\t<\/div>\n\t\t\t\t<div class=\"elementor-column elementor-col-33 elementor-inner-column elementor-element elementor-element-1fb4d7d sc_content_align_inherit sc_layouts_column_icons_position_left sc_fly_static\" data-id=\"1fb4d7d\" data-element_type=\"column\" data-e-type=\"column\">\n\t\t\t<div class=\"elementor-widget-wrap elementor-element-populated\">\n\t\t\t\t\t\t<div class=\"elementor-element elementor-element-80e1e02 sc_fly_static elementor-widget elementor-widget-trx_sc_skills\" data-id=\"80e1e02\" data-element_type=\"widget\" data-e-type=\"widget\" data-widget_type=\"trx_sc_skills.default\">\n\t\t\t\t<div class=\"elementor-widget-container\">\n\t\t\t\t\t<div\t\tclass=\"sc_skills sc_skills_counter sc_skills_counter_style_counter sc_align_center\"\n\t\t\t\tdata-type=\"counter\" ><div class=\"sc_skills_column trx_addons_column-1_1\"><div class=\"sc_skills_item_wrap sc_skills_item_icon_position_top\"><div class=\"sc_skills_item\"><div class=\"sc_skills_icon sc_icon_type_ icon-new-design trx_addons_inline_589027766\"><\/div><div class=\"sc_skills_total\" data-start=\"0\" data-stop=\"11.7\" data-step=\"0.117\" data-max=\"100\" data-speed=\"15\" data-duration=\"1500\" data-ed=\"K+\" data-style=\"counter\">0K+<\/div><\/div><\/div><\/div><\/div>\t\t\t\t<\/div>\n\t\t\t\t<\/div>\n\t\t\t\t<div class=\"elementor-element elementor-element-f74b5a1 sc_fly_static elementor-widget elementor-widget-heading\" data-id=\"f74b5a1\" data-element_type=\"widget\" data-e-type=\"widget\" data-widget_type=\"heading.default\">\n\t\t\t\t<div class=\"elementor-widget-container\">\n\t\t\t\t\t<h4 class=\"elementor-heading-title elementor-size-default\">M2 CONSTRUIDOS<\/h4>\t\t\t\t<\/div>\n\t\t\t\t<\/div>\n\t\t\t\t\t<\/div>\n\t\t<\/div>\n\t\t\t\t\t<\/div>\n\t\t<\/section>\n\t\t\t\t<section class=\"elementor-section elementor-inner-section elementor-element elementor-element-b3e446e elementor-section-boxed elementor-section-height-default elementor-section-height-default sc_fly_static\" data-id=\"b3e446e\" data-element_type=\"section\" data-e-type=\"section\">\n\t\t\t\t\t\t<div class=\"elementor-container elementor-column-gap-extended\">\n\t\t\t\t\t<div class=\"elementor-column elementor-col-100 elementor-inner-column elementor-element elementor-element-4d25707 sc_content_align_inherit sc_layouts_column_icons_position_left sc_fly_static\" data-id=\"4d25707\" data-element_type=\"column\" data-e-type=\"column\">\n\t\t\t<div class=\"elementor-widget-wrap elementor-element-populated\">\n\t\t\t\t\t\t<div class=\"elementor-element elementor-element-f1e511b sc_height_small sc_fly_static elementor-widget elementor-widget-spacer\" data-id=\"f1e511b\" data-element_type=\"widget\" data-e-type=\"widget\" data-widget_type=\"spacer.default\">\n\t\t\t\t<div class=\"elementor-widget-container\">\n\t\t\t\t\t\t\t<div class=\"elementor-spacer\">\n\t\t\t<div class=\"elementor-spacer-inner\"><\/div>\n\t\t<\/div>\n\t\t\t\t\t\t<\/div>\n\t\t\t\t<\/div>\n\t\t\t\t<div class=\"elementor-element elementor-element-1103c35 sc_fly_static elementor-widget elementor-widget-text-editor\" data-id=\"1103c35\" data-element_type=\"widget\" data-e-type=\"widget\" data-widget_type=\"text-editor.default\">\n\t\t\t\t<div class=\"elementor-widget-container\">\n\t\t\t\t\t\t\t\t\t<h4>Despu\u00e9s de haber construido m\u00e1s de 150 proyectos entre viviendas, locales comerciales y edificaciones industriales, CONSTRUCTORA PJP HA LOGRADO OFRECER A LOS CLIENTES ACTUALES Y FUTUROS UN M\u00c9TODO DE CONSTRUCCI\u00d3N DE EFICACIA COMPROBADA<\/h4>\t\t\t\t\t\t\t\t<\/div>\n\t\t\t\t<\/div>\n\t\t\t\t<div class=\"elementor-element elementor-element-39971ef sc_height_small sc_fly_static elementor-widget elementor-widget-spacer\" data-id=\"39971ef\" data-element_type=\"widget\" data-e-type=\"widget\" data-widget_type=\"spacer.default\">\n\t\t\t\t<div class=\"elementor-widget-container\">\n\t\t\t\t\t\t\t<div class=\"elementor-spacer\">\n\t\t\t<div class=\"elementor-spacer-inner\"><\/div>\n\t\t<\/div>\n\t\t\t\t\t\t<\/div>\n\t\t\t\t<\/div>\n\t\t\t\t\t<\/div>\n\t\t<\/div>\n\t\t\t\t\t<\/div>\n\t\t<\/section>\n\t\t\t\t\t<\/div>\n\t\t<\/div>\n\t\t\t\t\t<\/div>\n\t\t<\/section>\n\t\t\t\t<\/div>","protected":false},"excerpt":{"rendered":"<p>Since 2009, Construction Company PJP has worked together with project managers, Industry Managers, homeowners, designers, architects and Municipalities to offer unmatched construction, renovation, remodeling and maintenance services throughout the Republic&hellip;<\/p>","protected":false},"author":1,"featured_media":0,"parent":0,"menu_order":0,"comment_status":"closed","ping_status":"closed","template":"elementor_theme","meta":{"_joinchat":[],"footnotes":""},"class_list":["post-29495","page","type-page","status-publish","hentry"],"_links":{"self":[{"href":"https:\/\/constructorapjp.com\/es\/wp-json\/wp\/v2\/pages\/29495","targetHints":{"allow":["GET"]}}],"collection":[{"href":"https:\/\/constructorapjp.com\/es\/wp-json\/wp\/v2\/pages"}],"about":[{"href":"https:\/\/constructorapjp.com\/es\/wp-json\/wp\/v2\/types\/page"}],"author":[{"embeddable":true,"href":"https:\/\/constructorapjp.com\/es\/wp-json\/wp\/v2\/users\/1"}],"replies":[{"embeddable":true,"href":"https:\/\/constructorapjp.com\/es\/wp-json\/wp\/v2\/comments?post=29495"}],"version-history":[{"count":163,"href":"https:\/\/constructorapjp.com\/es\/wp-json\/wp\/v2\/pages\/29495\/revisions"}],"predecessor-version":[{"id":36760,"href":"https:\/\/constructorapjp.com\/es\/wp-json\/wp\/v2\/pages\/29495\/revisions\/36760"}],"wp:attachment":[{"href":"https:\/\/constructorapjp.com\/es\/wp-json\/wp\/v2\/media?parent=29495"}],"curies":[{"name":"wp","href":"https:\/\/api.w.org\/{rel}","templated":true}]}}